{"id":108,"date":"2021-10-27T17:56:10","date_gmt":"2021-10-27T15:56:10","guid":{"rendered":"https:\/\/aauth.me\/?page_id=108"},"modified":"2026-04-07T12:20:42","modified_gmt":"2026-04-07T10:20:42","slug":"privacy","status":"publish","type":"page","link":"https:\/\/aauth.me\/de\/privacy\/","title":{"rendered":"Datenschutz"},"content":{"rendered":"<div class=\"brz-root__container brz-reset-all brz brz-root__container-page\">\n<section id=\"_gjppzrqckzndgxczvdasofanpetunuflqbmk\" class=\"brz-section brz-css-1fqrqn5\">\n<div class=\"brz-section__content brz-section--boxed brz-css-meqj04 brz-css-1lot2y1\" data-brz-custom-id=\"wwfczuvvkjleotiqflpnkkvfwlzukwcgvmbu\">\n<div class=\"brz-bg\">\n<div class=\"brz-bg-color\"><\/div>\n<div class=\"brz-bg-shape brz-bg-shape__bottom\"><\/div>\n<\/div>\n<div class=\"brz-container brz-css-1gh95di\">\n<div class=\"brz-row__container brz-css-16var04\" data-brz-custom-id=\"nmxwrrntrvroblslasnffhzldvfqenuhuxbq\">\n<div class=\"brz-bg\"><\/div>\n<div class=\"brz-row brz-css-ph8l6g brz-css-5hjqx3\">\n<div class=\"brz-columns brz-css-1gdyq2w brz-css-vt3m1t\" data-brz-custom-id=\"slnobxfjqvnkfkvrmqxepcemalitexhjjwvt\">\n<div class=\"brz-bg\"><\/div>\n<div class=\"brz-column__items brz-css-8oj5xc brz-css-d40r8d\">\n<div id=\"\" class=\"brz-css-ztn60l brz-wrapper\">\n<div class=\"brz-rich-text brz-rich-text__custom brz-css-1vcoq8i\" data-brz-custom-id=\"izeajwopdfffewqgewchtzgnbvyyhpgkurbk\">\n<div data-brz-translate-text=\"1\">\n<p class=\"brz-ff-overpass brz-ft-google brz-fs-lg-27 brz-fss-lg-px brz-fw-lg-600 brz-ls-lg-0 brz-lh-lg-1_7 brz-tp-lg-empty brz-css-aeHCz\" data-uniq-id=\"xmhfg\" data-generated-css=\"brz-css-ncseu\"><strong>AAuth<\/strong><\/p>\n<\/div>\n<\/div>\n<\/div>\n<\/div>\n<\/div>\n<div class=\"brz-columns brz-css-1gdyq2w brz-css-rgowxq\" data-brz-custom-id=\"soakmiwenrrayfawjbnbkpsjviryzzjmevav\">\n<div class=\"brz-bg\"><\/div>\n<div class=\"brz-column__items brz-css-8oj5xc brz-css-11kmk1p\">\n<div id=\"\" class=\"brz-css-ztn60l brz-css-uypr0 brz-wrapper\">\n<div class=\"brz-menu-simple brz-css-v9zruz brz-css-17jc45d\">\n<div><\/div>\n<\/div>\n<\/div>\n<\/div>\n<\/div>\n<div class=\"brz-columns brz-css-1gdyq2w brz-css-tsn8j5\" data-brz-custom-id=\"nmjfatvxrllualonqupunjkmddduouqvgyhg\">\n<div class=\"brz-bg\"><\/div>\n<div class=\"brz-column__items brz-css-8oj5xc brz-css-pnpd26\">\n<div class=\"brz-wrapper-clone brz-css-1o9e7pm brz-css-wvg7vz\">\n<div class=\"brz-d-xs-flex brz-flex-xs-wrap brz-css-13kijwl brz-css-1mhfkng\" data-brz-custom-id=\"\">\n<div class=\"brz-wrapper-clone__item\" id=\"mrppccbzizlkiojpylspagaejmrdpxciipef\"><a class=\"brz-a brz-btn brz-css-1fbm796 brz-css-zqx2d4 brz-css-1f9vtfm brz-css-1nl3htf\" href=\"https:\/\/i.aauth.me\/\" target=\"_self\" rel=\"noopener\" data-brz-link-type=\"external\" data-brz-custom-id=\"mrppccbzizlkiojpylspagaejmrdpxciipef\"><span data-brz-translate-text=\"1\" class=\"brz-span brz-text__editor\">Login<\/span><\/a><\/div>\n<\/div>\n<\/div>\n<\/div>\n<\/div>\n<\/div>\n<\/div>\n<div id=\"\" class=\"brz-css-ztn60l brz-css-18xc2aw brz-wrapper\">\n<div class=\"brz-line brz-line-default brz-css-1gmmqh3 brz-css-flqh98\" data-brz-custom-id=\"ljgpkwamhogzzgylvouxtqqdkvpthnbrqdal\">\n<hr class=\"brz-hr\"><\/div>\n<\/div>\n<div id=\"\" class=\"brz-css-ztn60l brz-css-13878mg brz-wrapper\">\n<div class=\"brz-spacer brz-css-1c7ewok brz-css-p32ux1\"><\/div>\n<\/div>\n<div class=\"brz-row__container brz-css-16var04\" data-brz-custom-id=\"dwuwjaojmfojrmxoodttalulzgrorltbwzmf\">\n<div class=\"brz-bg\"><\/div>\n<div class=\"brz-row brz-css-ph8l6g brz-css-5hjqx3\">\n<div class=\"brz-columns brz-css-1gdyq2w brz-css-100fua8\" data-brz-custom-id=\"pvarlqztspngqxsnjwimasrocxxrncatdixx\">\n<div class=\"brz-bg\"><\/div>\n<div class=\"brz-column__items brz-css-8oj5xc brz-css-i94fjx\">\n<div id=\"\" class=\"brz-css-ztn60l brz-css-1mgrs1q brz-wrapper\">\n<div class=\"brz-rich-text brz-rich-text__custom brz-css-1vcoq8i\" data-brz-custom-id=\"nuczjomwbopsfmlgwglwznauztfljsxluhht\">\n<div data-brz-translate-text=\"1\">\n<p class=\"brz-mb-lg-0 brz-fs-xs-46 brz-ls-xs-0 brz-ls-sm-0 brz-text-xs-left brz-lh-xs-1_1 brz-tp-lg-heading1 brz-fs-sm-45 brz-css-wOdsR\" data-generated-css=\"brz-css-jopci\" data-uniq-id=\"hfiwo\"><span>Datenschutz<\/span><\/p>\n<\/div>\n<\/div>\n<\/div>\n<\/div>\n<\/div>\n<\/div>\n<\/div>\n<\/div>\n<\/div>\n<\/section>\n<section id=\"_ynmlgmlzfdguhldqdklylrqbdtjnvjhvuweg\" class=\"brz-section brz-css-1fqrqn5\">\n<div class=\"brz-section__content brz-section--boxed brz-css-meqj04 brz-css-sniszx\" data-brz-custom-id=\"pbnvzjtksgdajudpuepwzbdeepvrhwkihqnp\">\n<div class=\"brz-container brz-css-1gh95di\">\n<div id=\"\" class=\"brz-css-ztn60l brz-wrapper\">\n<div class=\"brz-rich-text brz-rich-text__custom brz-css-1vcoq8i\" data-brz-custom-id=\"ffpiejledderfqflaqjomwdlompkamihlmup\">\n<div data-brz-translate-text=\"1\">\n<p class=\"brz-text-lg-justify brz-bcp-color2 brz-tp-lg-heading1 brz-css-xQis8\" data-uniq-id=\"mgnfl\" data-generated-css=\"brz-css-dqclw\"><span class=\"brz-cp-color2\">We value your privacy<\/span><\/p>\n<\/div>\n<\/div>\n<\/div>\n<div id=\"\" class=\"brz-css-ztn60l brz-css-1sbhyfr brz-wrapper\">\n<div class=\"brz-rich-text brz-rich-text__custom brz-css-1vcoq8i\" data-brz-custom-id=\"mmaidjmshhyimhgucpwtmubuiypmkoumlbwb\">\n<div data-brz-translate-text=\"1\">\n<h3 class=\"brz-tp-lg-heading3 brz-css-rSe8i\" data-generated-css=\"brz-css-chyjg\" data-uniq-id=\"cixsr\">GELTUNGSBEREICH<\/h3>\n<p class=\"brz-tp-lg-paragraph brz-css-jkpnQ\" data-generated-css=\"brz-css-atcgr\" data-uniq-id=\"fymep\">Diese Datenschutzerkl\u00e4rung kl\u00e4rt Nutzer \u00fcber die Art, den Umfang und Zwecke der Erhebung und Verwendung personenbezogener Daten durch den verantwortlichen Anbieter auf dieser Website (im folgenden \u201cAngebot\u201d) auf.<\/p>\n<p class=\"brz-tp-lg-paragraph brz-css-osDHY\" data-generated-css=\"brz-css-cflrj\" data-uniq-id=\"wfcgz\">Die Nutzung unserer Webseite ist in der Regel ohne Angabe personenbezogener Daten m\u00f6glich. Soweit auf unseren Seiten personenbezogene Daten (beispielsweise Name, Anschrift oder eMail-Adressen) erhoben werden, erfolgt dies, soweit m\u00f6glich, stets auf freiwilliger Basis. Diese Daten werden ohne Ihre ausdr\u00fcckliche Zustimmung nicht an Dritte weitergegeben.<\/p>\n<p class=\"brz-tp-lg-paragraph brz-css-eQOAB\" data-generated-css=\"brz-css-jedfs\" data-uniq-id=\"yihtz\">Wir weisen darauf hin, dass die Daten\u00fcbertragung im Internet (z.B. bei der Kommunikation per E-Mail) Sicherheitsl\u00fccken aufweisen kann. Ein l\u00fcckenloser Schutz der Daten vor dem Zugriff durch Dritte ist nicht m\u00f6glich.<\/p>\n<p class=\"brz-tp-lg-paragraph brz-css-yFC1y\" data-generated-css=\"brz-css-ehufx\" data-uniq-id=\"hzxxs\">Der Nutzung von im Rahmen der Impressumspflicht ver\u00f6ffentlichten Kontaktdaten durch Dritte zur \u00dcbersendung von nicht ausdr\u00fccklich angeforderter Werbung und Informationsmaterialien wird hiermit ausdr\u00fccklich widersprochen. Die Betreiber der Seiten behalten sich ausdr\u00fccklich rechtliche Schritte im Falle der unverlangten Zusendung von Werbeinformationen, etwa durch Spam-Mails, vor.<\/p>\n<p class=\"brz-tp-lg-paragraph brz-css-d0yJu\" data-generated-css=\"brz-css-jfdie\" data-uniq-id=\"gkcxq\">&nbsp;<\/p>\n<h3 class=\"brz-tp-lg-heading3 brz-css-lRAph\" data-generated-css=\"brz-css-diadm\" data-uniq-id=\"nsqbe\">COOKIES<\/h3>\n<p class=\"brz-tp-lg-paragraph brz-css-xW75U\" data-generated-css=\"brz-css-dbpzj\" data-uniq-id=\"djyho\">Wenn Nutzer das Angebot aufrufen, werden ein oder mehrere Cookies auf seinem Rechner gespeichert. Ein Cookie ist eine kleine Datei, die eine bestimmte Zeichenfolge enth\u00e4lt und Ihren Browser eindeutig identifiziert. Mit Hilfe von Cookies verbessert der Anbieter den Komfort und die Qualit\u00e4t seines Services, indem zum Beispiel Nutzereinstellungen gespeichert werden. Cookies richten auf dem Rechner der Nutzer keinen Schaden an und enthalten keine Viren.<\/p>\n<p class=\"brz-tp-lg-paragraph brz-css-btWJq\" data-generated-css=\"brz-css-gncmd\" data-uniq-id=\"beqjo\">Eine Nutzung des Angebotes ist auch ohne Cookies m\u00f6glich. Nutzer k\u00f6nnen in Ihrem Browser das Speichern von Cookies deaktivieren, auf bestimmte Websites beschr\u00e4nken oder Ihren Browser so einstellen, dass er sie benachrichtigt, bevor ein Cookie gespeichert wird. Sie k\u00f6nnen die Cookies \u00fcber die Datenschutzfunktionen ihres Browsers jederzeit von der Festplatte ihres Rechners l\u00f6schen. In diesem Fall, k\u00f6nnten die Funktionen und die Benutzerfreundlichkeit des Angebots eingeschr\u00e4nkt werden.<\/p>\n<h3 class=\"brz-tp-lg-heading3 brz-css-zbBv1\" data-uniq-id=\"pnriq\" data-generated-css=\"brz-css-fvtfs\"> <\/h3>\n<h3 class=\"brz-tp-lg-heading3 brz-css-t1rWO\" data-uniq-id=\"pnriq\" data-generated-css=\"brz-css-fvtfs\">App<\/h3>\n<p class=\"brz-tp-lg-paragraph brz-css-xicPH\" data-uniq-id=\"onfns\" data-generated-css=\"brz-css-gipyt\">Die Android-App erfasst die Ger\u00e4te-ID des Smartphones, um einen eindeutigen Account zu erstellen. Andere Daten sind nicht notwendig. In der App gespeichert wird lediglich ein eindeutiger Code, der zur Identifikation dient. Dieser Code enth\u00e4lt keinerlei personenbezogene Daten, auch nicht die Ger\u00e4te-ID selbst. Au\u00dfer der Ger\u00e4te-ID und den in der App abgefragten Daten werden im Hintergrund keinerlei Daten an AAuth gesendet.<\/p>\n<p class=\"brz-tp-lg-paragraph brz-css-s9N3M\" data-generated-css=\"brz-css-raveq\" data-uniq-id=\"qmufl\">&nbsp;<\/p>\n<h3 class=\"brz-tp-lg-heading3 brz-css-nt2yS\" data-generated-css=\"brz-css-mxebj\" data-uniq-id=\"kuptb\">KONTAKTAUFNAHME<\/h3>\n<p class=\"brz-tp-lg-paragraph brz-css-iGHZZ\" data-generated-css=\"brz-css-pvznh\" data-uniq-id=\"vxxte\">Bei der Kontaktaufnahme mit dem Anbieter (zum Beispiel per Kontaktformular oder E-Mail) werden die Angaben des Nutzers zwecks Bearbeitung der Anfrage sowie f\u00fcr den Fall, dass Anschlussfragen entstehen, gespeichert.<\/p>\n<p class=\"brz-text-lg-center brz-tp-lg-subtitle brz-css-kxRoo\" data-generated-css=\"brz-css-sfexc\" data-uniq-id=\"fseck\"><\/p>\n<\/div>\n<\/div>\n<\/div>\n<div id=\"\" class=\"brz-css-ztn60l brz-css-13878mg brz-wrapper\">\n<div class=\"brz-spacer brz-css-1c7ewok brz-css-1nb4um5\"><\/div>\n<\/div>\n<div id=\"\" class=\"brz-css-ztn60l brz-css-13878mg brz-css-1utrian brz-wrapper\">\n<div class=\"brz-spacer brz-css-1c7ewok brz-css-16n7pvg\"><\/div>\n<\/div>\n<\/div>\n<\/div>\n<\/section>\n<section id=\"_lmwuwgmhouxtiftbvqykgglmogeywfargkqp\" class=\"brz-section brz-css-1fqrqn5\">\n<div class=\"brz-section__content brz-section--boxed brz-css-meqj04 brz-css-1raw4vj\" data-brz-custom-id=\"xkxaqhasspvulhihlvxetxnzsjlsytrwlmok\">\n<div class=\"brz-bg\">\n<div class=\"brz-bg-color\"><\/div>\n<\/div>\n<div class=\"brz-container brz-css-1gh95di\">\n<div class=\"brz-row__container brz-css-16var04\" data-brz-custom-id=\"esmrivupayfhnaekediomgeuejtxidfmqizj\">\n<div class=\"brz-bg\"><\/div>\n<div class=\"brz-row brz-css-ph8l6g brz-css-5hjqx3\">\n<div class=\"brz-columns brz-css-1gdyq2w brz-css-17ervsq\" data-brz-custom-id=\"zfhhqjjrwsnuvconjtntsgocwtbnvqvgxjnj\">\n<div class=\"brz-column__items brz-css-8oj5xc brz-css-k19kp7\">\n<div id=\"\" class=\"brz-css-ztn60l brz-css-18esj5i brz-wrapper\">\n<div class=\"brz-rich-text brz-rich-text__custom brz-css-1vcoq8i\" data-brz-custom-id=\"azotnzzhjtugdaeknofwwgzyuspdmbszmnqi\">\n<div data-brz-translate-text=\"1\">\n<p class=\"brz-ff-barlow_semi_condensed brz-fs-xs-19 brz-fs-lg-20 brz-ft-google brz-ls-xs-0 brz-ls-sm-0 brz-ls-lg-0 brz-lh-xs-1_6 brz-lh-sm-1_6 brz-lh-lg-1_9 brz-fw-lg-600 brz-fw-sm-600 brz-fw-xs-600 brz-fs-sm-18 brz-css-ryOf_\" data-uniq-id=\"uutec\" data-generated-css=\"brz-css-houuf\"><span>Verschiedenes<\/span><\/p>\n<\/div>\n<\/div>\n<\/div>\n<div id=\"\" class=\"brz-css-ztn60l brz-css-z44uck brz-wrapper\">\n<div class=\"brz-rich-text brz-rich-text__custom brz-css-1vcoq8i\" data-brz-custom-id=\"rwkfcvwaobildxmhaeplizriensmvsbhjwmi\">\n<div data-brz-translate-text=\"1\">\n<p class=\"brz-fs-sm-15 brz-tp-lg-button brz-css-uCQUh\" data-generated-css=\"brz-css-qzmnm\" data-uniq-id=\"wnriw\"><span>Entwicklerinformationen<\/span><\/p>\n<\/div>\n<\/div>\n<\/div>\n<div id=\"\" class=\"brz-css-ztn60l brz-css-18y5dxy brz-wrapper\">\n<div class=\"brz-rich-text brz-rich-text__custom brz-css-1vcoq8i\" data-brz-custom-id=\"zwejdxwyjrbsukfasoarridovajwbjvjhuru\">\n<div data-brz-translate-text=\"1\">\n<p class=\"brz-fs-sm-15 brz-tp-lg-button brz-css-pEXFW\" data-generated-css=\"brz-css-fakfv\" data-uniq-id=\"jbeni\"><span>Datenschutz<\/span><\/p>\n<\/div>\n<\/div>\n<\/div>\n<div id=\"\" class=\"brz-css-ztn60l brz-css-vpr40f brz-wrapper\">\n<div class=\"brz-rich-text brz-rich-text__custom brz-css-1vcoq8i\" data-brz-custom-id=\"njcyzjxcershuilchbjoidlyjxpfxwgyngtr\">\n<div data-brz-translate-text=\"1\">\n<p class=\"brz-tp-lg-button brz-fs-sm-15 brz-css-mzmgT\" data-uniq-id=\"rvtxv\" data-generated-css=\"brz-css-rkwbc\"><span>Impressum<\/span><\/p>\n<\/div>\n<\/div>\n<\/div>\n<\/div>\n<\/div>\n<div class=\"brz-columns brz-css-1gdyq2w brz-css-88ykyv\" data-brz-custom-id=\"fzwfyjlfsftwzsjkxwcauvvdictnwwqcbtsd\">\n<div class=\"brz-bg\"><\/div>\n<div class=\"brz-column__items brz-css-8oj5xc brz-css-ij1r3x\">\n<div id=\"\" class=\"brz-css-ztn60l brz-css-1exmu6c brz-wrapper\">\n<div class=\"brz-rich-text brz-rich-text__custom brz-css-1vcoq8i\" data-brz-custom-id=\"rklgpbbdqzwxjzyjoaybawifvggcehtoiqsc\">\n<div data-brz-translate-text=\"1\">\n<p class=\"brz-text-xs-justify brz-fs-sm-18 brz-fs-xs-19 brz-fs-lg-20 brz-fw-xs-600 brz-fw-sm-600 brz-fw-lg-600 brz-ft-google brz-ff-barlow_semi_condensed brz-lh-lg-1_9 brz-lh-sm-1_6 brz-lh-xs-1_6 brz-ls-lg-0 brz-ls-sm-0 brz-ls-xs-0 brz-mb-lg-0 brz-css-xSZYQ\" data-uniq-id=\"acqqn\" data-generated-css=\"brz-css-irhuz\"><span>Kontakt<\/span><\/p>\n<\/div>\n<\/div>\n<\/div>\n<div class=\"brz-wrapper-clone brz-css-1o9e7pm\">\n<div class=\"brz-d-xs-flex brz-flex-xs-wrap brz-css-13kijwl brz-css-12odc9x\" data-brz-custom-id=\"\">\n<div class=\"brz-wrapper-clone__item\" id=\"ybvirxsjwdtbjcdfpfettifdcrimdfmbkomo\"><a class=\"brz-a brz-btn brz-css-1fbm796 brz-css-ptt8te brz-css-1f9vtfm brz-css-hpnk0\" href=\"https:\/\/play.google.com\/store\/apps\/details?id=com.tritsolutions.aauth&amp;gl=DE\" target=\"_self\" rel=\"noopener\" data-brz-link-type=\"external\" data-brz-custom-id=\"ybvirxsjwdtbjcdfpfettifdcrimdfmbkomo\"><span data-brz-translate-text=\"1\" class=\"brz-span brz-text__editor\">Nimm Kontakt auf<\/span><\/a><\/div>\n<\/div>\n<\/div>\n<\/div>\n<\/div>\n<\/div>\n<\/div>\n<div id=\"\" class=\"brz-css-ztn60l brz-css-13878mg brz-wrapper\">\n<div class=\"brz-spacer brz-css-1c7ewok brz-css-19jotyo\"><\/div>\n<\/div>\n<div id=\"\" class=\"brz-css-ztn60l brz-css-7zsn1y brz-wrapper\">\n<div class=\"brz-line brz-line-default brz-css-1gmmqh3 brz-css-19bphnh\" data-brz-custom-id=\"ztwjjgaelmoipksmyeqchqchzefabkjwbjoy\">\n<hr class=\"brz-hr\"><\/div>\n<\/div>\n<div class=\"brz-row__container brz-css-16var04 brz-css-1u70o29\" data-brz-custom-id=\"farodvtvrjesbvzlilocilvqtmhhldxcoscn\">\n<div class=\"brz-bg\"><\/div>\n<div class=\"brz-row brz-css-ph8l6g brz-css-5hjqx3\">\n<div class=\"brz-columns brz-css-1gdyq2w brz-css-1o9rwm4\" data-brz-custom-id=\"hbphfsnpivhawrbizsvaxhzffjrrejhlyblf\">\n<div class=\"brz-bg\"><\/div>\n<div class=\"brz-column__items brz-css-8oj5xc\">\n<div id=\"\" class=\"brz-css-ztn60l brz-css-qb7ckn brz-wrapper\">\n<div class=\"brz-rich-text brz-rich-text__custom brz-css-1vcoq8i\" data-brz-custom-id=\"gzhongmetnhwigngduqopikaglkgvltfoaco\">\n<div data-brz-translate-text=\"1\">\n<p class=\"brz-fw-xs-500 brz-tp-lg-heading6 brz-text-xs-center brz-fs-sm-15 brz-fw-sm-400 brz-css-aSLrn\" data-uniq-id=\"hpfjp\" data-generated-css=\"brz-css-tbeld\"><span>\u00a9 copyright 2021 l TRIT-Solutions<\/span><\/p>\n<\/div>\n<\/div>\n<\/div>\n<\/div>\n<\/div>\n<\/div>\n<\/div>\n<\/div>\n<\/div>\n<\/section>\n<\/div>\n<p>    <!-- version:1737017991 --><\/p>","protected":false},"excerpt":{"rendered":"<p>AAuth Login Privacy We value your privacy GELTUNGSBEREICH Diese Datenschutzerkl\u00e4rung kl\u00e4rt Nutzer \u00fcber die Art, den Umfang und Zwecke der Erhebung und Verwendung personenbezogener Daten durch den verantwortlichen Anbieter auf dieser Website (im folgenden \u201cAngebot\u201d) auf. Die Nutzung unserer Webseite ist in der Regel ohne Angabe personenbezogener Daten m\u00f6glich. Soweit auf unseren Seiten personenbezogene Daten [&hellip;]<\/p>\n","protected":false},"author":1,"featured_media":0,"parent":0,"menu_order":0,"comment_status":"closed","ping_status":"closed","template":"brizy-blank-template.php","meta":{"site-sidebar-layout":"default","site-content-layout":"","ast-site-content-layout":"default","site-content-style":"default","site-sidebar-style":"default","ast-global-header-display":"","ast-banner-title-visibility":"","ast-main-header-display":"","ast-hfb-above-header-display":"","ast-hfb-below-header-display":"","ast-hfb-mobile-header-display":"","site-post-title":"","ast-breadcrumbs-content":"","ast-featured-img":"","footer-sml-layout":"","ast-disable-related-posts":"","theme-transparent-header-meta":"","adv-header-id-meta":"","stick-header-meta":"","header-above-stick-meta":"","header-main-stick-meta":"","header-below-stick-meta":"","astra-migrate-meta-layouts":"default","ast-page-background-enabled":"default","ast-page-background-meta":{"desktop":{"background-color":"var(--ast-global-color-4)","background-image":"","background-repeat":"repeat","background-position":"center center","background-size":"auto","background-attachment":"scroll","background-type":"","background-media":"","overlay-type":"","overlay-color":"","overlay-opacity":"","overlay-gradient":""},"tablet":{"background-color":"","background-image":"","background-repeat":"repeat","background-position":"center center","background-size":"auto","background-attachment":"scroll","background-type":"","background-media":"","overlay-type":"","overlay-color":"","overlay-opacity":"","overlay-gradient":""},"mobile":{"background-color":"","background-image":"","background-repeat":"repeat","background-position":"center center","background-size":"auto","background-attachment":"scroll","background-type":"","background-media":"","overlay-type":"","overlay-color":"","overlay-opacity":"","overlay-gradient":""}},"ast-content-background-meta":{"desktop":{"background-color":"var(--ast-global-color-5)","background-image":"","background-repeat":"repeat","background-position":"center center","background-size":"auto","background-attachment":"scroll","background-type":"","background-media":"","overlay-type":"","overlay-color":"","overlay-opacity":"","overlay-gradient":""},"tablet":{"background-color":"var(--ast-global-color-5)","background-image":"","background-repeat":"repeat","background-position":"center center","background-size":"auto","background-attachment":"scroll","background-type":"","background-media":"","overlay-type":"","overlay-color":"","overlay-opacity":"","overlay-gradient":""},"mobile":{"background-color":"var(--ast-global-color-5)","background-image":"","background-repeat":"repeat","background-position":"center center","background-size":"auto","background-attachment":"scroll","background-type":"","background-media":"","overlay-type":"","overlay-color":"","overlay-opacity":"","overlay-gradient":""}},"footnotes":""},"class_list":["post-108","page","type-page","status-publish","hentry"],"brizy_media":[],"_links":{"self":[{"href":"https:\/\/aauth.me\/de\/wp-json\/wp\/v2\/pages\/108","targetHints":{"allow":["GET"]}}],"collection":[{"href":"https:\/\/aauth.me\/de\/wp-json\/wp\/v2\/pages"}],"about":[{"href":"https:\/\/aauth.me\/de\/wp-json\/wp\/v2\/types\/page"}],"author":[{"embeddable":true,"href":"https:\/\/aauth.me\/de\/wp-json\/wp\/v2\/users\/1"}],"replies":[{"embeddable":true,"href":"https:\/\/aauth.me\/de\/wp-json\/wp\/v2\/comments?post=108"}],"version-history":[{"count":5,"href":"https:\/\/aauth.me\/de\/wp-json\/wp\/v2\/pages\/108\/revisions"}],"predecessor-version":[{"id":201,"href":"https:\/\/aauth.me\/de\/wp-json\/wp\/v2\/pages\/108\/revisions\/201"}],"wp:attachment":[{"href":"https:\/\/aauth.me\/de\/wp-json\/wp\/v2\/media?parent=108"}],"curies":[{"name":"wp","href":"https:\/\/api.w.org\/{rel}","templated":true}]}}