{"id":115,"date":"2021-10-27T17:58:14","date_gmt":"2021-10-27T15:58:14","guid":{"rendered":"https:\/\/aauth.me\/?page_id=115"},"modified":"2026-04-07T04:01:52","modified_gmt":"2026-04-07T02:01:52","slug":"legal","status":"publish","type":"page","link":"https:\/\/aauth.me\/de\/legal\/","title":{"rendered":"Impressum"},"content":{"rendered":"<div class=\"brz-root__container brz-reset-all brz brz-root__container-page\">\n<section id=\"_kceciciwefcwwoxypvybzdqittwzqrkovclb\" class=\"brz-section brz-css-1uhif1b\">\n<div class=\"brz-section__content brz-section--boxed brz-css-1n4lx7f brz-css-195fjfs\" data-brz-custom-id=\"pjgneqhfocuxppkwktqyxfnqmsojvxclwwdw\">\n<div class=\"brz-bg\">\n<div class=\"brz-bg-color\"><\/div>\n<div class=\"brz-bg-shape brz-bg-shape__bottom\"><\/div>\n<\/div>\n<div class=\"brz-container brz-css-cczrtq\">\n<div class=\"brz-row__container brz-css-jmmfic\" data-brz-custom-id=\"dsoptzcvderrstdufbmdulxbdntvffkmbncl\">\n<div class=\"brz-bg\"><\/div>\n<div class=\"brz-row brz-css-1iv5k1i brz-css-ifk651\">\n<div class=\"brz-columns brz-css-14wev5k brz-css-70f0ls\" data-brz-custom-id=\"fxlurvjpnwgdijeiwoblpaebavufyyqpokog\">\n<div class=\"brz-bg\"><\/div>\n<div class=\"brz-column__items brz-css-6g0xz9 brz-css-wwx8e5\">\n<div id=\"\" class=\"brz-css-132jvi7 brz-wrapper\">\n<div class=\"brz-rich-text brz-rich-text__custom brz-css-29ixaa\" data-brz-custom-id=\"usyaysqrumovglffpjhwsaothlgoeerzosfo\">\n<div data-brz-translate-text=\"1\">\n<p class=\"brz-ff-overpass brz-ft-google brz-fs-lg-27 brz-fss-lg-px brz-fw-lg-600 brz-ls-lg-0 brz-lh-lg-1_7 brz-tp-lg-empty brz-css-vvre8\" data-uniq-id=\"xmhfg\" data-generated-css=\"brz-css-ncseu\"><strong>AAuth<\/strong><\/p>\n<\/div>\n<\/div>\n<\/div>\n<\/div>\n<\/div>\n<div class=\"brz-columns brz-css-14wev5k brz-css-446m3a\" data-brz-custom-id=\"xytalbizfmihanfgyhbwhyeojcmojrxfirzf\">\n<div class=\"brz-bg\"><\/div>\n<div class=\"brz-column__items brz-css-6g0xz9 brz-css-hkpict\">\n<div id=\"\" class=\"brz-css-132jvi7 brz-css-114iwiq brz-wrapper\">\n<div class=\"brz-menu-simple brz-css-1pbgdc brz-css-1ogmh06\">\n<div><\/div>\n<\/div>\n<\/div>\n<\/div>\n<\/div>\n<div class=\"brz-columns brz-css-14wev5k brz-css-168jlhh\" data-brz-custom-id=\"jnzorkaimfmsrhedgygizjskvmywwbaqaque\">\n<div class=\"brz-bg\"><\/div>\n<div class=\"brz-column__items brz-css-6g0xz9 brz-css-6bms67\">\n<div class=\"brz-wrapper-clone brz-css-dv6mko brz-css-5xgvnm\">\n<div class=\"brz-d-xs-flex brz-flex-xs-wrap brz-css-1ntzjtt brz-css-1douw1z\" data-brz-custom-id=\"\">\n<div class=\"brz-wrapper-clone__item\" id=\"xmkmahgjmfbxzxgtdlwkwoizavbxnqlohuwn\"><a class=\"brz-a brz-btn brz-css-79fwyz brz-css-mczzv6 brz-css-76at77 brz-css-br0kmv\" href=\"https:\/\/i.aauth.me\/\" target=\"_self\" rel=\"noopener\" data-brz-link-type=\"external\" data-brz-custom-id=\"xmkmahgjmfbxzxgtdlwkwoizavbxnqlohuwn\"><span data-brz-translate-text=\"1\" class=\"brz-span brz-text__editor\">Login<\/span><\/a><\/div>\n<\/div>\n<\/div>\n<\/div>\n<\/div>\n<\/div>\n<\/div>\n<div id=\"\" class=\"brz-css-132jvi7 brz-css-mtplew brz-wrapper\">\n<div class=\"brz-line brz-line-default brz-css-1e094sn brz-css-1kozmpr\" data-brz-custom-id=\"amjurethgqnogpncoftuxdsypotiwfkyxotr\">\n<hr class=\"brz-hr\"><\/div>\n<\/div>\n<div id=\"\" class=\"brz-css-132jvi7 brz-css-1k9ooyc brz-wrapper\">\n<div class=\"brz-spacer brz-css-1iy379g brz-css-1a9g5tb\"><\/div>\n<\/div>\n<div class=\"brz-row__container brz-css-jmmfic\" data-brz-custom-id=\"ljsqwfllnqgstutfzivnealspxddwhmmkhcy\">\n<div class=\"brz-bg\"><\/div>\n<div class=\"brz-row brz-css-1iv5k1i brz-css-ifk651\">\n<div class=\"brz-columns brz-css-14wev5k brz-css-19d70vr\" data-brz-custom-id=\"ntacppfrnxunavvvfrirbtmxscuaxepqigcx\">\n<div class=\"brz-bg\"><\/div>\n<div class=\"brz-column__items brz-css-6g0xz9 brz-css-mw4cpa\">\n<div id=\"\" class=\"brz-css-132jvi7 brz-css-rt0dhx brz-wrapper\">\n<div class=\"brz-rich-text brz-rich-text__custom brz-css-29ixaa\" data-brz-custom-id=\"tqgeqhgrpwqmidvswyzstzkxyeeirlpypihb\">\n<div data-brz-translate-text=\"1\">\n<p class=\"brz-fs-sm-45 brz-tp-lg-heading1 brz-lh-xs-1_1 brz-text-xs-left brz-ls-sm-0 brz-ls-xs-0 brz-fs-xs-46 brz-mb-lg-0 brz-css-rNC9p\" data-uniq-id=\"ceiqt\" data-generated-css=\"brz-css-wdpmn\"><span>Impressum<\/span><\/p>\n<\/div>\n<\/div>\n<\/div>\n<\/div>\n<\/div>\n<\/div>\n<\/div>\n<\/div>\n<\/div>\n<\/section>\n<section id=\"_uhbvnwdwtugraqbtxpvztdnbmwmvfmyeuuis\" class=\"brz-section brz-css-1uhif1b\">\n<div class=\"brz-section__content brz-section--boxed brz-css-1n4lx7f brz-css-12xvjiu\" data-brz-custom-id=\"cviwiacxgfhzrwroqwtybfqusqjqqotzmtxp\">\n<div class=\"brz-container brz-css-cczrtq\">\n<div id=\"\" class=\"brz-css-132jvi7 brz-css-1azli0z brz-wrapper\">\n<div class=\"brz-rich-text brz-rich-text__custom brz-css-29ixaa\" data-brz-custom-id=\"cwylctfddnldzyuvcezkrnemdgjlhzixcijj\">\n<div data-brz-translate-text=\"1\">\n<h3 class=\"brz-ff-barlow_semi_condensed brz-ft-google brz-fs-lg-33 brz-fss-lg-px brz-fw-lg-800 brz-ls-lg-0 brz-lh-lg-1_2 brz-tp-lg-empty brz-css-myQpe\" data-uniq-id=\"ewnxk\" data-generated-css=\"brz-css-ijqzh\">VERANTWORTLICH F\u00dcR DEN INHALT NACH \u00a7 55 ABS. 2 RSTV:<\/h3>\n<p class=\"brz-tp-lg-paragraph brz-css-iRMxM\" data-uniq-id=\"tzbnw\" data-generated-css=\"brz-css-xohrr\"><strong>Tobias Reim<\/strong><\/p>\n<p class=\"brz-tp-lg-paragraph brz-css-nm3uu\" data-uniq-id=\"mbhmp\" data-generated-css=\"brz-css-hvnrr\">Stuttgarter Str. 79<\/p>\n<p class=\"brz-tp-lg-paragraph brz-css-rqjId\" data-uniq-id=\"alqyf\" data-generated-css=\"brz-css-fshjd\">50739 K\u00f6ln <\/p>\n<p class=\"brz-tp-lg-paragraph brz-css-icq90\" data-uniq-id=\"irphn\" data-generated-css=\"brz-css-jquqz\">t.reim@trit-solutions.com<\/p>\n<h2 class=\"brz-tp-lg-heading2 brz-css-ymey_\" data-uniq-id=\"nrqib\" data-generated-css=\"brz-css-kzbkl\">HAFTUNGSAUSSCHLUSS<\/h2>\n<h3 class=\"brz-tp-lg-heading3 brz-css-exRe5\" data-uniq-id=\"yrrfj\" data-generated-css=\"brz-css-tvppo\">HAFTUNG F\u00dcR INHALTE<\/h3>\n<p class=\"brz-tp-lg-paragraph brz-css-vsII0\" data-uniq-id=\"oxnvd\" data-generated-css=\"brz-css-wagyk\">Als Diensteanbieter sind wir gem\u00e4\u00df \u00a7 7 Abs.1 TMG f\u00fcr eigene Inhalte auf diesen Seiten nach den allgemeinen Gesetzen verantwortlich. Nach \u00a7\u00a7 8 bis 10 TMG sind wir als Diensteanbieter jedoch nicht verpflichtet, \u00fcbermittelte oder gespeicherte fremde Informationen zu \u00fcberwachen oder nach Umst\u00e4nden zu forschen, die auf eine rechtswidrige T\u00e4tigkeit hinweisen. Verpflichtungen zur Entfernung oder Sperrung der Nutzung von Informationen nach den allgemeinen Gesetzen bleiben hiervon unber\u00fchrt. Eine diesbez\u00fcgliche Haftung ist jedoch erst ab dem Zeitpunkt der Kenntnis einer konkreten Rechtsverletzung m\u00f6glich. Bei Bekanntwerden von entsprechenden Rechtsverletzungen werden wir diese Inhalte umgehend entfernen.<\/p>\n<p class=\"brz-tp-lg-paragraph brz-css-rWxiY\" data-uniq-id=\"zdido\" data-generated-css=\"brz-css-qelvj\">Der Autor \u00fcbernimmt keinerlei Gew\u00e4hr f\u00fcr die Aktualit\u00e4t, Korrektheit, Vollst\u00e4ndigkeit oder Qualit\u00e4t der bereitgestellten Informationen. Haftungsanspr\u00fcche gegen den Autor, welche sich auf Sch\u00e4den materieller oder ideeller Art beziehen, die durch die Nutzung oder Nichtnutzung der dargebotenen Informationen bzw. durch die Nutzung fehlerhafter und unvollst\u00e4ndiger Informationen verursacht wurden sind grunds\u00e4tzlich ausgeschlossen, sofern seitens des Autors kein nachweislich vors\u00e4tzliches oder grob fahrl\u00e4ssiges Verschulden vorliegt. Alle Angebote sind freibleibend und unverbindlich. Der Autor beh\u00e4lt es sich ausdr\u00fccklich vor, Teile der Seiten oder das gesamte Angebot ohne gesonderte Ank\u00fcndigung zu ver\u00e4ndern, zu erg\u00e4nzen, zu l\u00f6schen oder die Ver\u00f6ffentlichung zeitweise oder endg\u00fcltig einzustellen.<\/p>\n<h3 class=\"brz-tp-lg-heading3 brz-css-eQYfy\" data-uniq-id=\"izwza\" data-generated-css=\"brz-css-hrvha\">HAFTUNG F\u00dcR LINKS<\/h3>\n<p class=\"brz-tp-lg-paragraph brz-css-qrHGm\" data-uniq-id=\"kbkdm\" data-generated-css=\"brz-css-uvubc\">Unser Angebot enth\u00e4lt Links zu externen Webseiten Dritter, auf deren Inhalte wir keinen Einfluss haben. Deshalb k\u00f6nnen wir f\u00fcr diese fremden Inhalte auch keine Gew\u00e4hr \u00fcbernehmen. F\u00fcr die Inhalte der verlinkten Seiten ist stets der jeweilige Anbieter oder Betreiber der Seiten verantwortlich. Die verlinkten Seiten wurden zum Zeitpunkt der Verlinkung auf m\u00f6gliche Rechtsverst\u00f6\u00dfe \u00fcberpr\u00fcft. Rechtswidrige Inhalte waren zum Zeitpunkt der Verlinkung nicht erkennbar. Eine permanente inhaltliche Kontrolle der verlinkten Seiten ist jedoch ohne konkrete Anhaltspunkte einer Rechtsverletzung nicht zumutbar. Bei Bekanntwerden von Rechtsverletzungen werden wir derartige Links umgehend entfernen.<\/p>\n<h3 class=\"brz-tp-lg-heading3 brz-css-bx5Ge\" data-uniq-id=\"fzwyg\" data-generated-css=\"brz-css-grlet\">URHEBERRECHT<\/h3>\n<p class=\"brz-tp-lg-subtitle brz-text-lg-justify brz-css-ro3wu\" data-generated-css=\"brz-css-uzvss\" data-uniq-id=\"bxwkk\">Die durch die Seitenbetreiber erstellten Inhalte und Werke auf diesen Seiten unterliegen dem deutschen Urheberrecht. Die Vervielf\u00e4ltigung, Bearbeitung, Verbreitung und jede Art der Verwertung au\u00dferhalb der Grenzen des Urheberrechtes bed\u00fcrfen der schriftlichen Zustimmung des jeweiligen Autors bzw. Erstellers. Downloads und Kopien dieser Seite sind nur f\u00fcr den privaten, nicht kommerziellen Gebrauch gestattet. Soweit die Inhalte auf dieser Seite nicht vom Betreiber erstellt wurden, werden die Urheberrechte Dritter beachtet. Insbesondere werden Inhalte Dritter als solche gekennzeichnet. Sollten Sie trotzdem auf eine Urheberrechtsverletzung aufmerksam werden, bitten wir um einen entsprechenden Hinweis. Bei Bekanntwerden von Rechtsverletzungen werden wir derartige Inhalte umgehend entfernen.<\/p>\n<\/div>\n<\/div>\n<\/div>\n<div id=\"\" class=\"brz-css-132jvi7 brz-css-1k9ooyc brz-wrapper\">\n<div class=\"brz-spacer brz-css-1iy379g brz-css-1m9vyh9\"><\/div>\n<\/div>\n<div id=\"\" class=\"brz-css-132jvi7 brz-css-1k9ooyc brz-css-12lpf3w brz-wrapper\">\n<div class=\"brz-spacer brz-css-1iy379g brz-css-1bjv1x8\"><\/div>\n<\/div>\n<\/div>\n<\/div>\n<\/section>\n<section id=\"_ongmhzymzcbbogucsuiidkfavidyemxwrgvh\" class=\"brz-section brz-css-1uhif1b\">\n<div class=\"brz-section__content brz-section--boxed brz-css-1n4lx7f brz-css-1ifixwn\" data-brz-custom-id=\"evcabvdmkqvvqcrxpvranioawjtjhgtgufun\">\n<div class=\"brz-bg\">\n<div class=\"brz-bg-color\"><\/div>\n<\/div>\n<div class=\"brz-container brz-css-cczrtq\">\n<div class=\"brz-row__container brz-css-jmmfic\" data-brz-custom-id=\"qgtlwbpmvgfkrfpxhxsvhtptwfizlegbpmse\">\n<div class=\"brz-bg\"><\/div>\n<div class=\"brz-row brz-css-1iv5k1i brz-css-ifk651\">\n<div class=\"brz-columns brz-css-14wev5k brz-css-44dx29\" data-brz-custom-id=\"xecxrmqembaljsoyxhuonldpzulunccqnftu\">\n<div class=\"brz-column__items brz-css-6g0xz9 brz-css-p9u4il\">\n<div id=\"\" class=\"brz-css-132jvi7 brz-css-o98i1x brz-wrapper\">\n<div class=\"brz-rich-text brz-rich-text__custom brz-css-29ixaa\" data-brz-custom-id=\"bvkzbqomxlptvkzdaxqfclladvwndcozdnof\">\n<div data-brz-translate-text=\"1\">\n<p class=\"brz-ff-barlow_semi_condensed brz-fs-xs-19 brz-fs-lg-20 brz-ft-google brz-ls-xs-0 brz-ls-sm-0 brz-ls-lg-0 brz-lh-xs-1_6 brz-lh-sm-1_6 brz-lh-lg-1_9 brz-fw-lg-600 brz-fw-sm-600 brz-fw-xs-600 brz-fs-sm-18 brz-css-djcO2\" data-uniq-id=\"uutec\" data-generated-css=\"brz-css-houuf\"><span>Verschiedenes<\/span><\/p>\n<\/div>\n<\/div>\n<\/div>\n<div id=\"\" class=\"brz-css-132jvi7 brz-css-ev0y31 brz-wrapper\">\n<div class=\"brz-rich-text brz-rich-text__custom brz-css-29ixaa\" data-brz-custom-id=\"xbxprtbqkmtykfkqhyqqddqvxdmdluoealwu\">\n<div data-brz-translate-text=\"1\">\n<p class=\"brz-fs-sm-15 brz-tp-lg-button brz-css-ewWmB\" data-generated-css=\"brz-css-qzmnm\" data-uniq-id=\"wnriw\"><span>Entwicklerinformationen<\/span><\/p>\n<\/div>\n<\/div>\n<\/div>\n<div id=\"\" class=\"brz-css-132jvi7 brz-css-1txw9k6 brz-wrapper\">\n<div class=\"brz-rich-text brz-rich-text__custom brz-css-29ixaa\" data-brz-custom-id=\"wxdbdtmhalfmvmgjtxhbuhupqbenqdbkkigh\">\n<div data-brz-translate-text=\"1\">\n<p class=\"brz-fs-sm-15 brz-tp-lg-button brz-css-oialE\" data-generated-css=\"brz-css-fakfv\" data-uniq-id=\"jbeni\"><span>Datenschutz<\/span><\/p>\n<\/div>\n<\/div>\n<\/div>\n<div id=\"\" class=\"brz-css-132jvi7 brz-css-7mdp9x brz-wrapper\">\n<div class=\"brz-rich-text brz-rich-text__custom brz-css-29ixaa\" data-brz-custom-id=\"bxilcpecxkqmqsbvqeglisdsovxodzcxwzyk\">\n<div data-brz-translate-text=\"1\">\n<p class=\"brz-tp-lg-button brz-fs-sm-15 brz-css-bJjla\" data-uniq-id=\"rvtxv\" data-generated-css=\"brz-css-rkwbc\"><span>Impressum<\/span><\/p>\n<\/div>\n<\/div>\n<\/div>\n<\/div>\n<\/div>\n<div class=\"brz-columns brz-css-14wev5k brz-css-1u9otz4\" data-brz-custom-id=\"qfeajnxwhiqyuvfofctimaabwgvidpbwztxd\">\n<div class=\"brz-bg\"><\/div>\n<div class=\"brz-column__items brz-css-6g0xz9 brz-css-1p3o5xb\">\n<div id=\"\" class=\"brz-css-132jvi7 brz-css-60st95 brz-wrapper\">\n<div class=\"brz-rich-text brz-rich-text__custom brz-css-29ixaa\" data-brz-custom-id=\"pgodowilggxkswduwcamdalwqozinxvenqkd\">\n<div data-brz-translate-text=\"1\">\n<p class=\"brz-text-xs-justify brz-fs-sm-18 brz-fs-xs-19 brz-fs-lg-20 brz-fw-xs-600 brz-fw-sm-600 brz-fw-lg-600 brz-ft-google brz-ff-barlow_semi_condensed brz-lh-lg-1_9 brz-lh-sm-1_6 brz-lh-xs-1_6 brz-ls-lg-0 brz-ls-sm-0 brz-ls-xs-0 brz-mb-lg-0 brz-css-mLvGU\" data-uniq-id=\"acqqn\" data-generated-css=\"brz-css-irhuz\"><span>Kontakt<\/span><\/p>\n<\/div>\n<\/div>\n<\/div>\n<div class=\"brz-wrapper-clone brz-css-dv6mko\">\n<div class=\"brz-d-xs-flex brz-flex-xs-wrap brz-css-1ntzjtt brz-css-1dclxn4\" data-brz-custom-id=\"\">\n<div class=\"brz-wrapper-clone__item\" id=\"mnqvsnghytqkqmeczwxumdzeyzkwcdcgqyct\"><a class=\"brz-a brz-btn brz-css-79fwyz brz-css-1den8jw brz-css-76at77 brz-css-ukx1fj\" href=\"https:\/\/play.google.com\/store\/apps\/details?id=com.tritsolutions.aauth&amp;gl=DE\" target=\"_self\" rel=\"noopener\" data-brz-link-type=\"external\" data-brz-custom-id=\"mnqvsnghytqkqmeczwxumdzeyzkwcdcgqyct\"><span data-brz-translate-text=\"1\" class=\"brz-span brz-text__editor\">Nimm Kontakt auf<\/span><\/a><\/div>\n<\/div>\n<\/div>\n<\/div>\n<\/div>\n<\/div>\n<\/div>\n<div id=\"\" class=\"brz-css-132jvi7 brz-css-1k9ooyc brz-wrapper\">\n<div class=\"brz-spacer brz-css-1iy379g brz-css-jlv8q7\"><\/div>\n<\/div>\n<div id=\"\" class=\"brz-css-132jvi7 brz-css-foza23 brz-wrapper\">\n<div class=\"brz-line brz-line-default brz-css-1e094sn brz-css-1i45331\" data-brz-custom-id=\"fymplomjleqqbfimzdcdwpnagvnkbwwqxsju\">\n<hr class=\"brz-hr\"><\/div>\n<\/div>\n<div class=\"brz-row__container brz-css-jmmfic brz-css-1r1n8wb\" data-brz-custom-id=\"vviihtnmhnppamwtawpkxqdhtrahnruuzsvc\">\n<div class=\"brz-bg\"><\/div>\n<div class=\"brz-row brz-css-1iv5k1i brz-css-ifk651\">\n<div class=\"brz-columns brz-css-14wev5k brz-css-np3m7i\" data-brz-custom-id=\"bevyrufakdclcpsyfzvapqxkpaibdaogmtmo\">\n<div class=\"brz-bg\"><\/div>\n<div class=\"brz-column__items brz-css-6g0xz9\">\n<div id=\"\" class=\"brz-css-132jvi7 brz-css-xcig9s brz-wrapper\">\n<div class=\"brz-rich-text brz-rich-text__custom brz-css-29ixaa\" data-brz-custom-id=\"traduilruneuxsqjutnuuexdfxrwjovgpisq\">\n<div data-brz-translate-text=\"1\">\n<p class=\"brz-fw-xs-500 brz-tp-lg-heading6 brz-text-xs-center brz-fs-sm-15 brz-fw-sm-400 brz-css-jfbmF\" data-uniq-id=\"hpfjp\" data-generated-css=\"brz-css-tbeld\"><span>\u00a9 copyright 2021 l TRIT-Solutions<\/span><\/p>\n<\/div>\n<\/div>\n<\/div>\n<\/div>\n<\/div>\n<\/div>\n<\/div>\n<\/div>\n<\/div>\n<\/section>\n<\/div>\n<p>    <!-- version:1737186334 --><\/p>","protected":false},"excerpt":{"rendered":"<p>AAuth Login Legal VERANTWORTLICH F\u00dcR DEN INHALT NACH \u00a7 55 ABS. 2 RSTV: Tobias Reim Stuttgarter Str. 79 50739 K\u00f6ln t.reim@trit-solutions.com HAFTUNGSAUSSCHLUSS HAFTUNG F\u00dcR INHALTE Als Diensteanbieter sind wir gem\u00e4\u00df \u00a7 7 Abs.1 TMG f\u00fcr eigene Inhalte auf diesen Seiten nach den allgemeinen Gesetzen verantwortlich. Nach \u00a7\u00a7 8 bis 10 TMG sind wir als Diensteanbieter [&hellip;]<\/p>\n","protected":false},"author":1,"featured_media":0,"parent":0,"menu_order":0,"comment_status":"closed","ping_status":"closed","template":"brizy-blank-template.php","meta":{"site-sidebar-layout":"default","site-content-layout":"","ast-site-content-layout":"default","site-content-style":"default","site-sidebar-style":"default","ast-global-header-display":"","ast-banner-title-visibility":"","ast-main-header-display":"","ast-hfb-above-header-display":"","ast-hfb-below-header-display":"","ast-hfb-mobile-header-display":"","site-post-title":"","ast-breadcrumbs-content":"","ast-featured-img":"","footer-sml-layout":"","ast-disable-related-posts":"","theme-transparent-header-meta":"","adv-header-id-meta":"","stick-header-meta":"","header-above-stick-meta":"","header-main-stick-meta":"","header-below-stick-meta":"","astra-migrate-meta-layouts":"default","ast-page-background-enabled":"default","ast-page-background-meta":{"desktop":{"background-color":"var(--ast-global-color-4)","background-image":"","background-repeat":"repeat","background-position":"center center","background-size":"auto","background-attachment":"scroll","background-type":"","background-media":"","overlay-type":"","overlay-color":"","overlay-opacity":"","overlay-gradient":""},"tablet":{"background-color":"","background-image":"","background-repeat":"repeat","background-position":"center center","background-size":"auto","background-attachment":"scroll","background-type":"","background-media":"","overlay-type":"","overlay-color":"","overlay-opacity":"","overlay-gradient":""},"mobile":{"background-color":"","background-image":"","background-repeat":"repeat","background-position":"center center","background-size":"auto","background-attachment":"scroll","background-type":"","background-media":"","overlay-type":"","overlay-color":"","overlay-opacity":"","overlay-gradient":""}},"ast-content-background-meta":{"desktop":{"background-color":"var(--ast-global-color-5)","background-image":"","background-repeat":"repeat","background-position":"center center","background-size":"auto","background-attachment":"scroll","background-type":"","background-media":"","overlay-type":"","overlay-color":"","overlay-opacity":"","overlay-gradient":""},"tablet":{"background-color":"var(--ast-global-color-5)","background-image":"","background-repeat":"repeat","background-position":"center center","background-size":"auto","background-attachment":"scroll","background-type":"","background-media":"","overlay-type":"","overlay-color":"","overlay-opacity":"","overlay-gradient":""},"mobile":{"background-color":"var(--ast-global-color-5)","background-image":"","background-repeat":"repeat","background-position":"center center","background-size":"auto","background-attachment":"scroll","background-type":"","background-media":"","overlay-type":"","overlay-color":"","overlay-opacity":"","overlay-gradient":""}},"footnotes":""},"class_list":["post-115","page","type-page","status-publish","hentry"],"brizy_media":[],"_links":{"self":[{"href":"https:\/\/aauth.me\/de\/wp-json\/wp\/v2\/pages\/115","targetHints":{"allow":["GET"]}}],"collection":[{"href":"https:\/\/aauth.me\/de\/wp-json\/wp\/v2\/pages"}],"about":[{"href":"https:\/\/aauth.me\/de\/wp-json\/wp\/v2\/types\/page"}],"author":[{"embeddable":true,"href":"https:\/\/aauth.me\/de\/wp-json\/wp\/v2\/users\/1"}],"replies":[{"embeddable":true,"href":"https:\/\/aauth.me\/de\/wp-json\/wp\/v2\/comments?post=115"}],"version-history":[{"count":7,"href":"https:\/\/aauth.me\/de\/wp-json\/wp\/v2\/pages\/115\/revisions"}],"predecessor-version":[{"id":195,"href":"https:\/\/aauth.me\/de\/wp-json\/wp\/v2\/pages\/115\/revisions\/195"}],"wp:attachment":[{"href":"https:\/\/aauth.me\/de\/wp-json\/wp\/v2\/media?parent=115"}],"curies":[{"name":"wp","href":"https:\/\/api.w.org\/{rel}","templated":true}]}}